{"id":699,"date":"2023-03-05T17:55:53","date_gmt":"2023-03-05T17:55:53","guid":{"rendered":"https:\/\/eymir.org.tr\/destek-bursu\/"},"modified":"2024-05-15T13:34:12","modified_gmt":"2024-05-15T10:34:12","slug":"donate","status":"publish","type":"page","link":"https:\/\/eymir.org.tr\/en\/donate\/","title":{"rendered":"METU in HATAY"},"content":{"rendered":"<section class=\"wpb-content-wrapper\"><p>[vc_row][vc_column][vc_custom_heading text=&#8221;METU in HATAY&#8221; font_container=&#8221;tag:h3|text_align:left|color:%23dd3333&#8243; use_theme_fonts=&#8221;yes&#8221;][vc_empty_space height=&#8221;22px&#8221;][\/vc_column][\/vc_row][vc_row][vc_column width=&#8221;1\/2&#8243;][vc_empty_space height=&#8221;22px&#8221;]<div id=\"ultimate-heading-54536a07ec0b7396b\" class=\"uvc-heading ult-adjust-bottom-margin ultimate-heading-54536a07ec0b7396b uvc-6560 \" data-hspacer=\"no_spacer\"  data-halign=\"left\" style=\"text-align:left\"><div class=\"uvc-heading-spacer no_spacer\" style=\"top\"><\/div><div class=\"uvc-sub-heading ult-responsive\"  data-ultimate-target='.uvc-heading.ultimate-heading-54536a07ec0b7396b .uvc-sub-heading '  data-responsive-json-new='{\"font-size\":\"\",\"line-height\":\"\"}'  style=\"font-weight:normal;\">We aim to maintain the vocational and technical training in the region. We wish to contribute to the healing process of the wounds in the region through the support of our donators, who believe in the healing power of education as much as we do.<\/p>\n<p>Within the scope of the protocol signed by the Iskenderun Technical University, we kindly expect the contributions of all our shareholders to this value-added Project to be implemented on a total of 10 thousand square meter area on the ISTE \u2013 Iskenderun Vocational High School campus.<\/p>\n<p><span style=\"color: #ff0000;\"><em>The ECF holds the status of public benefit Foundation. The donations are completely subject to tax deduction. Besides, Payments in kind and service are also VAT exempt.<\/em><\/span><\/p>\n<p>You may kindly forward your kind donations to the bank account below:<\/div><\/div>[vc_empty_space height=&#8221;22px&#8221;][vc_column_text]<strong>Account Info:<\/strong><\/p>\n<p>Account Holder: <strong>Eymir K\u00fclt\u00fcr Vakf\u0131<\/strong><br \/>\nBranch: <strong>\u0130\u015f Bankas\u0131 Gayrettepe &#8211; Istanbul<\/strong><\/p>\n<p>(TL) IBAN TR 75 0006 4000 0011 0800 9444 40<\/p>\n<p>Please write down <strong>ISTE IMYO BAGISI<\/strong> in the explanation section.<\/p>\n<p>We kindly ask the donators to forward their contact information to <span style=\"color: #ff0000;\">eymir@eymir.org.tr <\/span>or to the below telephone numbers through <span style=\"color: #ff0000;\">WhatsApp<\/span>.<\/p>\n<p><em>(If you do not wish your name to be on the donator lists to be announced, please inform us.)<\/em><\/p>\n<p>The permission to collect donations has been approved by the Istanbul Governorship; dated 20.6.2023 and numbered 459 366. (Activity Number: 23-724)[\/vc_column_text][vc_empty_space height=&#8221;22px&#8221;]<style type=\"text\/css\" data-type=\"the7_shortcodes-inline-css\">.icon-with-text-shortcode.icon-text-id-089efd95ad1da532a965622bd60a47fc .text-icon {\n  width: 35px;\n  height: 35px;\n  line-height: 35px;\n  font-size: 22px;\n  border-radius: 200px;\n  margin: 5px 15px 0px 0px;\n}\n.icon-with-text-shortcode.icon-text-id-089efd95ad1da532a965622bd60a47fc .text-icon .icon-inner {\n  min-width: 35px;\n  min-height: 35px;\n  border-radius: 200px;\n}\n@media all and (-ms-high-contrast: none) {\n  .icon-with-text-shortcode.icon-text-id-089efd95ad1da532a965622bd60a47fc .text-icon .icon-inner {\n    height: 35px;\n  }\n}\n.icon-with-text-shortcode.icon-text-id-089efd95ad1da532a965622bd60a47fc .text-icon .dt-hover-icon {\n  line-height: 35px;\n}\n.icon-with-text-shortcode.icon-text-id-089efd95ad1da532a965622bd60a47fc .text-icon:before,\n.icon-with-text-shortcode.icon-text-id-089efd95ad1da532a965622bd60a47fc .text-icon:after,\n.icon-with-text-shortcode.icon-text-id-089efd95ad1da532a965622bd60a47fc .text-icon .icon-inner:before,\n.icon-with-text-shortcode.icon-text-id-089efd95ad1da532a965622bd60a47fc .text-icon .icon-inner:after {\n  min-width: 100%;\n  min-height: 100%;\n  padding: inherit;\n  border-radius: inherit;\n}\n#page .icon-with-text-shortcode.icon-text-id-089efd95ad1da532a965622bd60a47fc .text-icon.dt-icon-bg-on .icon-inner:before,\n#phantom .icon-with-text-shortcode.icon-text-id-089efd95ad1da532a965622bd60a47fc .text-icon.dt-icon-bg-on .icon-inner:before {\n  background: #dd3333;\n}\n.icon-with-text-shortcode.icon-text-id-089efd95ad1da532a965622bd60a47fc .text-icon.dt-icon-border-on:before {\n  border-width: 2px;\n  border-style: solid;\n}\n.dt-icon-border-dashed.icon-with-text-shortcode.icon-text-id-089efd95ad1da532a965622bd60a47fc .text-icon.dt-icon-border-on:before {\n  border-style: dashed;\n}\n.dt-icon-border-dotted.icon-with-text-shortcode.icon-text-id-089efd95ad1da532a965622bd60a47fc .text-icon.dt-icon-border-on:before {\n  border-style: dotted;\n}\n.dt-icon-border-double.icon-with-text-shortcode.icon-text-id-089efd95ad1da532a965622bd60a47fc .text-icon.dt-icon-border-on:before {\n  border-style: double;\n}\n.icon-with-text-shortcode.icon-text-id-089efd95ad1da532a965622bd60a47fc .text-icon.dt-icon-border-dashed.dt-icon-border-on:before {\n  border-style: dashed;\n}\n.icon-with-text-shortcode.icon-text-id-089efd95ad1da532a965622bd60a47fc .text-icon.dt-icon-border-dotted.dt-icon-border-on:before {\n  border-style: dotted;\n}\n.icon-with-text-shortcode.icon-text-id-089efd95ad1da532a965622bd60a47fc .text-icon.dt-icon-border-double.dt-icon-border-on:before {\n  border-style: double;\n}\n.icon-with-text-shortcode.icon-text-id-089efd95ad1da532a965622bd60a47fc .text-icon.dt-icon-hover-border-on:after {\n  border-width: 2px;\n  border-style: solid;\n}\n.icon-with-text-shortcode.icon-text-id-089efd95ad1da532a965622bd60a47fc .text-icon.dt-icon-border-dashed.dt-icon-hover-border-on:after {\n  border-style: dashed;\n}\n.icon-with-text-shortcode.icon-text-id-089efd95ad1da532a965622bd60a47fc .text-icon.dt-icon-border-dotted.dt-icon-hover-border-on:after {\n  border-style: dotted;\n}\n.icon-with-text-shortcode.icon-text-id-089efd95ad1da532a965622bd60a47fc .text-icon.dt-icon-border-double.dt-icon-hover-border-on:after {\n  border-style: double;\n}\n.icon-with-text-shortcode.icon-text-id-089efd95ad1da532a965622bd60a47fc .text-icon.dt-icon-hover-on:hover {\n  font-size: 22px;\n}\n#page .icon-with-text-shortcode.icon-text-id-089efd95ad1da532a965622bd60a47fc .text-icon.dt-icon-hover-on:hover .soc-font-icon,\n#phantom .icon-with-text-shortcode.icon-text-id-089efd95ad1da532a965622bd60a47fc .text-icon.dt-icon-hover-on:hover .soc-font-icon,\n#page .icon-with-text-shortcode.icon-text-id-089efd95ad1da532a965622bd60a47fc .text-icon.dt-icon-hover-on:hover .soc-icon,\n#phantom .icon-with-text-shortcode.icon-text-id-089efd95ad1da532a965622bd60a47fc .text-icon.dt-icon-hover-on:hover .soc-icon {\n  color: #fff;\n  background: none;\n}\n#page .icon-with-text-shortcode.icon-text-id-089efd95ad1da532a965622bd60a47fc .text-icon.dt-icon-hover-on:not(:hover) .soc-font-icon,\n#phantom .icon-with-text-shortcode.icon-text-id-089efd95ad1da532a965622bd60a47fc .text-icon.dt-icon-hover-on:not(:hover) .soc-font-icon,\n#page .icon-with-text-shortcode.icon-text-id-089efd95ad1da532a965622bd60a47fc .text-icon.dt-icon-hover-on:not(:hover) .soc-icon,\n#phantom .icon-with-text-shortcode.icon-text-id-089efd95ad1da532a965622bd60a47fc .text-icon.dt-icon-hover-on:not(:hover) .soc-icon,\n#page .icon-with-text-shortcode.icon-text-id-089efd95ad1da532a965622bd60a47fc .text-icon.dt-icon-hover-off .soc-font-icon,\n#phantom .icon-with-text-shortcode.icon-text-id-089efd95ad1da532a965622bd60a47fc .text-icon.dt-icon-hover-off .soc-font-icon,\n#page .icon-with-text-shortcode.icon-text-id-089efd95ad1da532a965622bd60a47fc .text-icon.dt-icon-hover-off .soc-icon,\n#phantom .icon-with-text-shortcode.icon-text-id-089efd95ad1da532a965622bd60a47fc .text-icon.dt-icon-hover-off .soc-icon {\n  color: #ffffff;\n  background: none;\n}\n.icon-with-text-shortcode.icon-text-id-089efd95ad1da532a965622bd60a47fc.layout-1 {\n  grid-template-columns: 35px minmax(0,1fr);\n  grid-column-gap: 15px;\n}\n.icon-with-text-shortcode.icon-text-id-089efd95ad1da532a965622bd60a47fc.layout-2 {\n  grid-template-columns: minmax(0,1fr) 35px;\n  grid-column-gap: 0px;\n}\n.icon-with-text-shortcode.icon-text-id-089efd95ad1da532a965622bd60a47fc.layout-2 .text-icon {\n  margin-left: 0;\n}\n.icon-with-text-shortcode.icon-text-id-089efd95ad1da532a965622bd60a47fc.layout-3 {\n  grid-template-columns: 35px minmax(0,1fr);\n}\n.icon-with-text-shortcode.icon-text-id-089efd95ad1da532a965622bd60a47fc.layout-3 .dt-text-title {\n  margin-left: 15px;\n}\n.icon-with-text-shortcode.icon-text-id-089efd95ad1da532a965622bd60a47fc .dt-text-title,\n.icon-with-text-shortcode.icon-text-id-089efd95ad1da532a965622bd60a47fc .dt-text-title a {\n  color: #0f0f0f;\n  background: none;\n  font-size: 25px;\n  line-height: 30px;\n  font-weight: bold;\n}\n.icon-with-text-shortcode.icon-text-id-089efd95ad1da532a965622bd60a47fc .dt-text-title {\n  margin-bottom: 0px;\n}\n.icon-with-text-shortcode.icon-text-id-089efd95ad1da532a965622bd60a47fc .dt-text-desc {\n  color: #000000;\n  background: none;\n  margin-bottom: 0px;\n  font-size: 18px;\n}\n<\/style><div class=\"icon-with-text-shortcode  icon-text-id-089efd95ad1da532a965622bd60a47fc layout-1  \" ><span   class=\"text-icon dt-icon-bg-on dt-icon-hover-off\" ><span class=\"icon-inner\"><i class=\"dt-regular-icon soc-icon icomoon-the7-font-the7-phone-05\"><\/i><i class=\"dt-hover-icon soc-icon icomoon-the7-font-the7-phone-05\"><\/i><\/span><\/span><h4 class=\"dt-text-title\"  >You can contact us:<\/h4><div class=\"dt-text-desc\">+90 212 287 29 05<\/p>\n<p>+90 532 684 35 35<\/p>\n<p>+90 532 217 92 16<\/p>\n<p>+90 555 821 55 38<\/div><\/div>[vc_empty_space height=&#8221;22px&#8221;][vc_empty_space height=&#8221;22px&#8221;][\/vc_column][vc_column width=&#8221;1\/2&#8243;][vc_column_text][payment-forms id=&#8217;2&#8242;][\/vc_column_text][vc_empty_space height=&#8221;22px&#8221;][\/vc_column][\/vc_row][vc_row][vc_column width=&#8221;1\/2&#8243;][vc_single_image image=&#8221;917&#8243; img_size=&#8221;full&#8221;][\/vc_column][vc_column width=&#8221;1\/2&#8243;][vc_single_image image=&#8221;915&#8243; img_size=&#8221;full&#8221;][\/vc_column][\/vc_row][vc_row][vc_column][vc_column_text]<div class=\"_df_book df-container df-loading \" id=\"df_1061\"  wpoptions=true ><\/div><script data-cfasync=\"false\">var option_df_1061 = {\"outline\":[],\"backgroundColor\":\"#FFF\",\"height\":\"650\",\"forceFit\":\"true\",\"autoEnableOutline\":\"false\",\"autoEnableThumbnail\":\"false\",\"overwritePDFOutline\":\"false\",\"direction\":\"1\",\"pageMode\":\"1\",\"singlePageMode\":\"2\",\"source\":\"https:\\\/\\\/eymir.org.tr\\\/wp-content\\\/uploads\\\/2023\\\/09\\\/METUinHatay_Eng.pdf\",\"wpOptions\":\"true\"};<\/script><br \/>\n[\/vc_column_text][\/vc_column][\/vc_row]<\/p>\n<\/section>","protected":false},"excerpt":{"rendered":"<p>[vc_row][vc_column][vc_custom_heading text=&#8221;METU in HATAY&#8221; font_container=&#8221;tag:h3|text_align:left|color:%23dd3333&#8243; use_theme_fonts=&#8221;yes&#8221;][vc_empty_space height=&#8221;22px&#8221;][\/vc_column][\/vc_row][vc_row][vc_column width=&#8221;1\/2&#8243;][vc_empty_space height=&#8221;22px&#8221;][vc_empty_space height=&#8221;22px&#8221;][vc_column_text]Account Info: Account Holder: Eymir K\u00fclt\u00fcr Vakf\u0131 Branch: \u0130\u015f Bankas\u0131 Gayrettepe &#8211; Istanbul (TL) IBAN TR 75 0006 4000 0011 0800 9444 40 Please write down ISTE IMYO BAGISI in the explanation section. We kindly ask the donators to forward their contact information to eymir@eymir.org.tr or&hellip;<\/p>\n","protected":false},"author":3,"featured_media":0,"parent":0,"menu_order":0,"comment_status":"closed","ping_status":"closed","template":"template-microsite.php","meta":{"cybocfi_hide_featured_image":"","footnotes":""},"class_list":["post-699","page","type-page","status-publish","hentry","description-off"],"_links":{"self":[{"href":"https:\/\/eymir.org.tr\/en\/wp-json\/wp\/v2\/pages\/699","targetHints":{"allow":["GET"]}}],"collection":[{"href":"https:\/\/eymir.org.tr\/en\/wp-json\/wp\/v2\/pages"}],"about":[{"href":"https:\/\/eymir.org.tr\/en\/wp-json\/wp\/v2\/types\/page"}],"author":[{"embeddable":true,"href":"https:\/\/eymir.org.tr\/en\/wp-json\/wp\/v2\/users\/3"}],"replies":[{"embeddable":true,"href":"https:\/\/eymir.org.tr\/en\/wp-json\/wp\/v2\/comments?post=699"}],"version-history":[{"count":15,"href":"https:\/\/eymir.org.tr\/en\/wp-json\/wp\/v2\/pages\/699\/revisions"}],"predecessor-version":[{"id":1721,"href":"https:\/\/eymir.org.tr\/en\/wp-json\/wp\/v2\/pages\/699\/revisions\/1721"}],"wp:attachment":[{"href":"https:\/\/eymir.org.tr\/en\/wp-json\/wp\/v2\/media?parent=699"}],"curies":[{"name":"wp","href":"https:\/\/api.w.org\/{rel}","templated":true}]}}