{"id":714,"date":"2023-04-01T21:16:36","date_gmt":"2023-04-01T18:16:36","guid":{"rendered":"https:\/\/eymir.org.tr\/eski-baskanlar\/"},"modified":"2023-05-06T22:22:31","modified_gmt":"2023-05-06T19:22:31","slug":"former-presidents","status":"publish","type":"page","link":"https:\/\/eymir.org.tr\/en\/former-presidents\/","title":{"rendered":"Former Presidents"},"content":{"rendered":"<section class=\"wpb-content-wrapper\"><p>[vc_row][vc_column width=&#8221;1\/6&#8243;][\/vc_column][vc_column width=&#8221;2\/3&#8243;][vc_empty_space][vc_column_text]<span style=\"font-size: 14pt;\"><strong>Former Presidents<\/strong><\/span><\/p>\n<p>The Presidents on duty since the foundation of the Eymir Culture Foundation:<\/p>\n<table>\n<tbody>\n<tr>\n<td style=\"text-align: center;\" colspan=\"2\"><span style=\"font-size: 12pt;\"><strong>Name and Surname<\/strong><\/span><\/td>\n<td style=\"text-align: center;\"><span style=\"font-size: 12pt;\"><strong>Time of Duty <\/strong><\/span><\/td>\n<\/tr>\n<tr>\n<td><span style=\"font-weight: 400;\">1<\/span><\/td>\n<td><span style=\"font-weight: 400;\">Altan LOSTAR<\/span><\/td>\n<td style=\"text-align: center;\"><span style=\"font-weight: 400;\">03.02.1987-09.04.1994<\/span><\/td>\n<\/tr>\n<tr>\n<td><span style=\"font-weight: 400;\">2<\/span><\/td>\n<td><span style=\"font-weight: 400;\">Prof. Dr. Ahmet Mete TANRIKUT<\/span><\/td>\n<td style=\"text-align: center;\"><span style=\"font-weight: 400;\">09.04.1994-09.08.1994<\/span><\/td>\n<\/tr>\n<tr>\n<td><span style=\"font-weight: 400;\">3<\/span><\/td>\n<td><span style=\"font-weight: 400;\">\u0130lhan \u00c7ET\u0130NKAYA<\/span><\/td>\n<td style=\"text-align: center;\"><span style=\"font-weight: 400;\">01.01.1995-31.01.1998<\/span><\/td>\n<\/tr>\n<tr>\n<td><span style=\"font-weight: 400;\">4<\/span><\/td>\n<td><span style=\"font-weight: 400;\">Rasim T\u00dcRKAY<\/span><\/td>\n<td style=\"text-align: center;\"><span style=\"font-weight: 400;\">14.01.1999-31.12.2003<\/span><\/td>\n<\/tr>\n<tr>\n<td><span style=\"font-weight: 400;\">5<\/span><\/td>\n<td><span style=\"font-weight: 400;\">Ay\u015fe TAYLAN<\/span><\/td>\n<td style=\"text-align: center;\"><span style=\"font-weight: 400;\">01.01.2004-06.10.2006<\/span><\/td>\n<\/tr>\n<tr>\n<td><span style=\"font-weight: 400;\">6<\/span><\/td>\n<td><span style=\"font-weight: 400;\">Vasfiye \u0130PEK\u00c7\u0130<\/span><\/td>\n<td style=\"text-align: center;\"><span style=\"font-weight: 400;\">09.10.2006-01.01.2020<\/span><\/td>\n<\/tr>\n<tr>\n<td><span style=\"font-weight: 400;\">7<\/span><\/td>\n<td><span style=\"font-weight: 400;\">Cengiz ALTOP<\/span><\/td>\n<td style=\"text-align: center;\"><span style=\"font-weight: 400;\">01.01.2020-Still President<\/span><\/td>\n<\/tr>\n<\/tbody>\n<\/table>\n<p>[\/vc_column_text][vc_empty_space][\/vc_column][vc_column width=&#8221;1\/6&#8243;][\/vc_column][\/vc_row]<\/p>\n<\/section>","protected":false},"excerpt":{"rendered":"<p>[vc_row][vc_column width=&#8221;1\/6&#8243;][\/vc_column][vc_column width=&#8221;2\/3&#8243;][vc_empty_space][vc_column_text]Former Presidents The Presidents on duty since the foundation of the Eymir Culture Foundation: Name and Surname Time of Duty 1 Altan LOSTAR 03.02.1987-09.04.1994 2 Prof. Dr. Ahmet Mete TANRIKUT 09.04.1994-09.08.1994 3 \u0130lhan \u00c7ET\u0130NKAYA 01.01.1995-31.01.1998 4 Rasim T\u00dcRKAY 14.01.1999-31.12.2003 5 Ay\u015fe TAYLAN 01.01.2004-06.10.2006 6 Vasfiye \u0130PEK\u00c7\u0130 09.10.2006-01.01.2020 7 Cengiz ALTOP 01.01.2020-Still President [\/vc_column_text][vc_empty_space][\/vc_column][vc_column&hellip;<\/p>\n","protected":false},"author":3,"featured_media":0,"parent":0,"menu_order":0,"comment_status":"closed","ping_status":"closed","template":"template-microsite.php","meta":{"cybocfi_hide_featured_image":"","footnotes":""},"class_list":["post-714","page","type-page","status-publish","hentry","description-off"],"_links":{"self":[{"href":"https:\/\/eymir.org.tr\/en\/wp-json\/wp\/v2\/pages\/714","targetHints":{"allow":["GET"]}}],"collection":[{"href":"https:\/\/eymir.org.tr\/en\/wp-json\/wp\/v2\/pages"}],"about":[{"href":"https:\/\/eymir.org.tr\/en\/wp-json\/wp\/v2\/types\/page"}],"author":[{"embeddable":true,"href":"https:\/\/eymir.org.tr\/en\/wp-json\/wp\/v2\/users\/3"}],"replies":[{"embeddable":true,"href":"https:\/\/eymir.org.tr\/en\/wp-json\/wp\/v2\/comments?post=714"}],"version-history":[{"count":1,"href":"https:\/\/eymir.org.tr\/en\/wp-json\/wp\/v2\/pages\/714\/revisions"}],"predecessor-version":[{"id":715,"href":"https:\/\/eymir.org.tr\/en\/wp-json\/wp\/v2\/pages\/714\/revisions\/715"}],"wp:attachment":[{"href":"https:\/\/eymir.org.tr\/en\/wp-json\/wp\/v2\/media?parent=714"}],"curies":[{"name":"wp","href":"https:\/\/api.w.org\/{rel}","templated":true}]}}