{"id":720,"date":"2023-04-01T12:48:00","date_gmt":"2023-04-01T09:48:00","guid":{"rendered":"https:\/\/eymir.org.tr\/odtu-kocaelinde\/"},"modified":"2023-05-22T16:07:11","modified_gmt":"2023-05-22T13:07:11","slug":"metu-in-kocaeli","status":"publish","type":"page","link":"https:\/\/eymir.org.tr\/en\/metu-in-kocaeli\/","title":{"rendered":"METU in KOCAEL\u0130"},"content":{"rendered":"<section class=\"wpb-content-wrapper\"><p>[vc_row][vc_column width=&#8221;1\/2&#8243;][vc_column_text]<\/p>\n<h3><strong>\u0130zmit 1, \u0130zmit 2 &amp; De\u011firmendere<\/strong><\/h3>\n<p>The Eymir Culture Foundation, which is also extremely sensitive to the problems of our country, was the institution that first aided the people of the region in the 1999 Kocaeli earthquake together with the METU Istanbul alumni association and they have in a short time completed the construction of 430 earthquake houses, 3 social facilities, and 1 cultural center, game park and sports facility in Kocaeli and De\u011firmendere to serve the residents.<\/p>\n<p>At the same time, the settlement management provided social and psychological support mother-child health services, kindergarten, vocational training activities. The Foundation was granted the United Nations Habitat Prize in 2000 for such work.[\/vc_column_text][\/vc_column][vc_column width=&#8221;1\/2&#8243;]<style type=\"text\/css\" data-type=\"the7_shortcodes-inline-css\">.gallery-carousel-shortcode.gallery-carousel-shortcode-id-b27a0bd48bc603b8ca7713b3d314ae9a .owl-nav a {\n  width: 36px;\n  height: 36px;\n  border-radius: 500px;\n}\n.dt-arrow-border-on.gallery-carousel-shortcode.gallery-carousel-shortcode-id-b27a0bd48bc603b8ca7713b3d314ae9a .owl-nav a:not(:hover):before {\n  border-width: 0px;\n}\n.dt-arrow-hover-border-on.gallery-carousel-shortcode.gallery-carousel-shortcode-id-b27a0bd48bc603b8ca7713b3d314ae9a .owl-nav a:hover:after {\n  border-width: 0px;\n}\n.gallery-carousel-shortcode.gallery-carousel-shortcode-id-b27a0bd48bc603b8ca7713b3d314ae9a .owl-nav a.owl-prev {\n  top: 50%;\n  transform: translateY(calc(-50% + 0px));\n  left: -43px;\n}\n@media all and (-ms-high-contrast: none) {\n  .gallery-carousel-shortcode.gallery-carousel-shortcode-id-b27a0bd48bc603b8ca7713b3d314ae9a .owl-nav a.owl-prev {\n    transform: translateY(-50%);\n    margin-top: 0px;\n  }\n}\n.gallery-carousel-shortcode.gallery-carousel-shortcode-id-b27a0bd48bc603b8ca7713b3d314ae9a .owl-nav a.owl-prev i {\n  padding: 0px 0px 0px 0px;\n}\n.gallery-carousel-shortcode.gallery-carousel-shortcode-id-b27a0bd48bc603b8ca7713b3d314ae9a .owl-nav a.owl-next {\n  top: 50%;\n  transform: translateY(calc(-50% + 0px));\n  right: -43px;\n}\n@media all and (-ms-high-contrast: none) {\n  .gallery-carousel-shortcode.gallery-carousel-shortcode-id-b27a0bd48bc603b8ca7713b3d314ae9a .owl-nav a.owl-next {\n    transform: translateY(-50%);\n    margin-top: 0px;\n  }\n}\n.gallery-carousel-shortcode.gallery-carousel-shortcode-id-b27a0bd48bc603b8ca7713b3d314ae9a .owl-nav a.owl-next i {\n  padding: 0px 0px 0px 0px;\n}\n.gallery-carousel-shortcode.gallery-carousel-shortcode-id-b27a0bd48bc603b8ca7713b3d314ae9a .owl-nav i {\n  font-size: 18px;\n}\n.gallery-carousel-shortcode.gallery-carousel-shortcode-id-b27a0bd48bc603b8ca7713b3d314ae9a .owl-nav a:not(:hover) i,\n.gallery-carousel-shortcode.gallery-carousel-shortcode-id-b27a0bd48bc603b8ca7713b3d314ae9a .owl-nav a:not(:hover) i:before {\n  color: #ffffff;\n  background: none;\n}\n.gallery-carousel-shortcode.gallery-carousel-shortcode-id-b27a0bd48bc603b8ca7713b3d314ae9a .owl-nav a:hover i,\n.gallery-carousel-shortcode.gallery-carousel-shortcode-id-b27a0bd48bc603b8ca7713b3d314ae9a .owl-nav a:hover i:before {\n  color: rgba(255,255,255,0.75);\n  background: none;\n}\n.gallery-carousel-shortcode.gallery-carousel-shortcode-id-b27a0bd48bc603b8ca7713b3d314ae9a .owl-dots {\n  top: calc(100% + 20px);\n  left: 50%;\n  transform: translateX(calc(-50% + 0px));\n}\n@media all and (-ms-high-contrast: none) {\n  .gallery-carousel-shortcode.gallery-carousel-shortcode-id-b27a0bd48bc603b8ca7713b3d314ae9a .owl-dots {\n    transform: translateX(-50%);\n    margin-left: 0px;\n  }\n}\n.gallery-carousel-shortcode.gallery-carousel-shortcode-id-b27a0bd48bc603b8ca7713b3d314ae9a .owl-dot {\n  width: 10px;\n  height: 10px;\n  margin: 0 8px;\n}\n@media screen and (max-width: 778px) {\n  .gallery-carousel-shortcode.gallery-carousel-shortcode-id-b27a0bd48bc603b8ca7713b3d314ae9a.hide-arrows .owl-nav a {\n    display: none;\n  }\n}\n@media screen and (max-width: 778px) {\n  .gallery-carousel-shortcode.gallery-carousel-shortcode-id-b27a0bd48bc603b8ca7713b3d314ae9a.reposition-arrows .owl-nav .owl-prev {\n    top: 50%;\n    transform: translateY(calc(-50% + 0px));\n    left: 10px;\n  }\n  .gallery-carousel-shortcode.gallery-carousel-shortcode-id-b27a0bd48bc603b8ca7713b3d314ae9a.reposition-arrows .owl-nav .owl-next {\n    top: 50%;\n    transform: translateY(calc(-50% + 0px));\n    right: 10px;\n  }\n}\n@media screen and (max-width: 778px) and all and (-ms-high-contrast: none) {\n  .gallery-carousel-shortcode.gallery-carousel-shortcode-id-b27a0bd48bc603b8ca7713b3d314ae9a.reposition-arrows .owl-nav .owl-prev {\n    transform: translateY(-50%);\n    margin-top: 0px;\n  }\n}\n@media screen and (max-width: 778px) and all and (-ms-high-contrast: none) {\n  .gallery-carousel-shortcode.gallery-carousel-shortcode-id-b27a0bd48bc603b8ca7713b3d314ae9a.reposition-arrows .owl-nav .owl-next {\n    transform: translateY(-50%);\n    margin-top: 0px;\n  }\n}\n.gallery-carousel-shortcode.gallery-carousel-shortcode-id-b27a0bd48bc603b8ca7713b3d314ae9a figure,\n.gallery-carousel-shortcode.gallery-carousel-shortcode-id-b27a0bd48bc603b8ca7713b3d314ae9a .rollover,\n.gallery-carousel-shortcode.gallery-carousel-shortcode-id-b27a0bd48bc603b8ca7713b3d314ae9a img,\n.gallery-carousel-shortcode.gallery-carousel-shortcode-id-b27a0bd48bc603b8ca7713b3d314ae9a .gallery-rollover {\n  border-radius: 0px;\n}\n.gallery-carousel-shortcode.gallery-carousel-shortcode-id-b27a0bd48bc603b8ca7713b3d314ae9a.enable-bg-rollover .gallery-rollover {\n  background: -webkit-linear-gradient();\n  background: linear-gradient();\n}\n.gallery-carousel-shortcode.gallery-carousel-shortcode-id-b27a0bd48bc603b8ca7713b3d314ae9a.enable-img-shadow .owl-stage-outer {\n  padding: 14px 0;\n}\n.gallery-carousel-shortcode.gallery-carousel-shortcode-id-b27a0bd48bc603b8ca7713b3d314ae9a.enable-bg-rollover.hover-scale figure .rollover:after {\n  background: -webkit-linear-gradient();\n  background: linear-gradient();\n}\n.gallery-carousel-shortcode.gallery-carousel-shortcode-id-b27a0bd48bc603b8ca7713b3d314ae9a.gallery-shortcode .gallery-zoom-ico {\n  width: 44px;\n  height: 44px;\n  line-height: 44px;\n  border-radius: 100px;\n  margin: -22px 0 0 -22px;\n  border-width: 0px;\n}\n.dt-icon-bg-on.gallery-carousel-shortcode.gallery-carousel-shortcode-id-b27a0bd48bc603b8ca7713b3d314ae9a.gallery-shortcode .gallery-zoom-ico {\n  background: rgba(255,255,255,0.3);\n  box-shadow: none;\n}\n.gallery-carousel-shortcode.gallery-carousel-shortcode-id-b27a0bd48bc603b8ca7713b3d314ae9a.gallery-shortcode .gallery-zoom-ico:before,\n.gallery-carousel-shortcode.gallery-carousel-shortcode-id-b27a0bd48bc603b8ca7713b3d314ae9a.gallery-shortcode .gallery-zoom-ico span {\n  font-size: 32px;\n  line-height: 44px;\n  color: #ffffff;\n  background: none;\n}\n<\/style><div class=\"owl-carousel gallery-carousel-shortcode gallery-shortcode  dt-gallery-container dt-owl-carousel-call gallery-carousel-shortcode-id-b27a0bd48bc603b8ca7713b3d314ae9a quick-scale-img enable-bg-rollover meta-info-off dt-arrow-border-on dt-arrow-hover-border-on bullets-small-dot-stroke reposition-arrows dt-icon-bg-off arrows-bg-on disable-arrows-hover-bg arrows-hover-bg-on  hover-fade \" data-scroll-mode=\"1\" data-col-num=\"1\" data-wide-col-num=\"1\" data-laptop-col=\"1\" data-h-tablet-columns-num=\"1\" data-v-tablet-columns-num=\"1\" data-phone-columns-num=\"1\" data-col-gap=\"10\" data-stage-padding=\"0\" data-speed=\"600\" data-autoplay=\"true\" data-autoplay_speed=\"3000\" data-arrows=\"false\" data-bullet=\"true\" data-next-icon=\"icon-ar-017-r\" data-prev-icon=\"icon-ar-017-l\" data-img-shadow-size=\"12px\" data-img-shadow-spread=\"3px\"><div data-post-id=\"721\" data-date=\"2023-04-01T12:47:37+03:00\" data-name=\"yer3\"><figure class=\"post\"><a href=\"https:\/\/eymir.org.tr\/wp-content\/uploads\/2023\/04\/yer3.jpg\" class=\"rollover dt-pswp-item layzr-bg\" data-large_image_width=\"600\" data-large_image_height=\"384\" data-dt-img-description=\"\" title=\"yer3\"><img fetchpriority=\"high\" decoding=\"async\" class=\"preload-me owl-lazy-load aspect\" src=\"data:image\/svg+xml,%3Csvg%20xmlns%3D&#39;http%3A%2F%2Fwww.w3.org%2F2000%2Fsvg&#39;%20viewBox%3D&#39;0%200%20576%20384&#39;%2F%3E\" data-src=\"https:\/\/eymir.org.tr\/wp-content\/uploads\/2023\/04\/yer3-576x384.jpg\" data-srcset=\"https:\/\/eymir.org.tr\/wp-content\/uploads\/2023\/04\/yer3-576x384.jpg 576w\" loading=\"eager\" style=\"--ratio: 576 \/ 384\" sizes=\"(max-width: 576px) 100vw, 576px\" alt=\"\" width=\"576\" height=\"384\"  \/><span class=\"gallery-rollover\"><\/span><\/a><\/figure><\/div><\/div>[\/vc_column][\/vc_row][vc_row][vc_column][vc_empty_space][vc_empty_space][\/vc_column][\/vc_row][vc_row full_width=&#8221;stretch_row&#8221; bg_type=&#8221;bg_color&#8221; bg_override=&#8221;full&#8221; bg_color_value=&#8221;#efefef&#8221; css=&#8221;.vc_custom_1680342145504{margin-bottom: -75px !important;}&#8221;][vc_column][vc_column_text]<div class=\"_df_book df-container df-loading \" id=\"df_536\"  wpoptions=true ><\/div><script data-cfasync=\"false\">var option_df_536 = {\"outline\":[],\"backgroundColor\":\"#efefef\",\"height\":\"650\",\"forceFit\":\"true\",\"autoEnableOutline\":\"false\",\"autoEnableThumbnail\":\"false\",\"overwritePDFOutline\":\"false\",\"direction\":\"1\",\"pageMode\":\"1\",\"singlePageMode\":\"2\",\"source\":\"https:\\\/\\\/eymir.org.tr\\\/wp-content\\\/uploads\\\/2023\\\/04\\\/BARAKAKENT.pdf\",\"wpOptions\":\"true\"};<\/script><br \/>\n[\/vc_column_text][\/vc_column][\/vc_row]<\/p>\n<\/section>","protected":false},"excerpt":{"rendered":"<p>[vc_row][vc_column width=&#8221;1\/2&#8243;][vc_column_text] \u0130zmit 1, \u0130zmit 2 &amp; De\u011firmendere The Eymir Culture Foundation, which is also extremely sensitive to the problems of our country, was the institution that first aided the people of the region in the 1999 Kocaeli earthquake together with the METU Istanbul alumni association and they have in a short time completed the&hellip;<\/p>\n","protected":false},"author":3,"featured_media":0,"parent":0,"menu_order":0,"comment_status":"closed","ping_status":"closed","template":"template-microsite.php","meta":{"cybocfi_hide_featured_image":"","footnotes":""},"class_list":["post-720","page","type-page","status-publish","hentry","description-off"],"_links":{"self":[{"href":"https:\/\/eymir.org.tr\/en\/wp-json\/wp\/v2\/pages\/720","targetHints":{"allow":["GET"]}}],"collection":[{"href":"https:\/\/eymir.org.tr\/en\/wp-json\/wp\/v2\/pages"}],"about":[{"href":"https:\/\/eymir.org.tr\/en\/wp-json\/wp\/v2\/types\/page"}],"author":[{"embeddable":true,"href":"https:\/\/eymir.org.tr\/en\/wp-json\/wp\/v2\/users\/3"}],"replies":[{"embeddable":true,"href":"https:\/\/eymir.org.tr\/en\/wp-json\/wp\/v2\/comments?post=720"}],"version-history":[{"count":4,"href":"https:\/\/eymir.org.tr\/en\/wp-json\/wp\/v2\/pages\/720\/revisions"}],"predecessor-version":[{"id":819,"href":"https:\/\/eymir.org.tr\/en\/wp-json\/wp\/v2\/pages\/720\/revisions\/819"}],"wp:attachment":[{"href":"https:\/\/eymir.org.tr\/en\/wp-json\/wp\/v2\/media?parent=720"}],"curies":[{"name":"wp","href":"https:\/\/api.w.org\/{rel}","templated":true}]}}