{"id":1725,"date":"2023-05-02T14:30:03","date_gmt":"2023-05-02T11:30:03","guid":{"rendered":"https:\/\/eymir.org.tr\/urun\/bagis\/"},"modified":"2024-08-09T23:06:06","modified_gmt":"2024-08-09T20:06:06","slug":"bagis","status":"publish","type":"product","link":"https:\/\/eymir.org.tr\/en\/urun\/bagis\/","title":{"rendered":"Ba\u011f\u0131\u015f"},"content":{"rendered":"","protected":false},"excerpt":{"rendered":"","protected":false},"featured_media":0,"comment_status":"open","ping_status":"closed","template":"","meta":{"cybocfi_hide_featured_image":""},"product_cat":[54],"product_tag":[],"class_list":{"0":"post-1725","1":"product","2":"type-product","3":"status-publish","5":"product_cat-genel-en","6":"description-off","8":"first","9":"instock","10":"virtual","11":"purchasable","12":"product-type-simple"},"_links":{"self":[{"href":"https:\/\/eymir.org.tr\/en\/wp-json\/wp\/v2\/product\/1725","targetHints":{"allow":["GET"]}}],"collection":[{"href":"https:\/\/eymir.org.tr\/en\/wp-json\/wp\/v2\/product"}],"about":[{"href":"https:\/\/eymir.org.tr\/en\/wp-json\/wp\/v2\/types\/product"}],"replies":[{"embeddable":true,"href":"https:\/\/eymir.org.tr\/en\/wp-json\/wp\/v2\/comments?post=1725"}],"wp:attachment":[{"href":"https:\/\/eymir.org.tr\/en\/wp-json\/wp\/v2\/media?parent=1725"}],"wp:term":[{"taxonomy":"product_cat","embeddable":true,"href":"https:\/\/eymir.org.tr\/en\/wp-json\/wp\/v2\/product_cat?post=1725"},{"taxonomy":"product_tag","embeddable":true,"href":"https:\/\/eymir.org.tr\/en\/wp-json\/wp\/v2\/product_tag?post=1725"}],"curies":[{"name":"wp","href":"https:\/\/api.w.org\/{rel}","templated":true}]}}